{"id":16263,"date":"2021-02-10T18:06:45","date_gmt":"2021-02-10T18:06:45","guid":{"rendered":"https:\/\/avgitidis.gr\/our-people\/partners\/%ce%bb%ce%b5%cf%85%ce%ba%ce%bf%ce%b8%ce%ad%ce%b1-%ce%bd%cf%84%ce%ad%ce%ba%ce%b1_cv_full\/"},"modified":"2021-10-06T08:55:15","modified_gmt":"2021-10-06T08:55:15","slug":"lefkothea-nteka_cv_full","status":"publish","type":"page","link":"https:\/\/avgitidis.gr\/en\/our-people\/partners\/lefkothea-nteka_cv_full\/","title":{"rendered":"Lefkothea Nteka_cv_full"},"content":{"rendered":"<p>[vc_row css_animation=&#8221;&#8221; row_type=&#8221;row&#8221; use_row_as_full_screen_section=&#8221;no&#8221; type=&#8221;full_width&#8221; angled_section=&#8221;no&#8221; text_align=&#8221;left&#8221; background_image_as_pattern=&#8221;without_pattern&#8221;][vc_column width=&#8221;1\/6&#8243;][\/vc_column][vc_column width=&#8221;1\/6&#8243;][vc_single_image image=&#8221;15623&#8243; img_size=&#8221;large&#8221; onclick=&#8221;img_link_large&#8221; qode_css_animation=&#8221;&#8221; qode_hover_animation=&#8221;zoom_in&#8221;][\/vc_column][vc_column width=&#8221;1\/2&#8243;][vc_column_text]<strong>LEFKOTHEA NTEKA\u00a0<\/strong><br \/>\nCV[\/vc_column_text][vc_separator type=&#8221;small&#8221; position=&#8221;left&#8221; color=&#8221;#b39964&#8243;][vc_column_text]<strong>PROFESSIONAL EXPERIENCE<\/strong><\/p>\n<p><strong>June 2019 (current position):<\/strong><\/p>\n<p>PARTNER<\/p>\n<p>D.K. AVGITIDIS &amp; Associates Law firm<\/p>\n<p>&nbsp;<\/p>\n<p><strong>December 2013 \u2013 January 2019:<\/strong><\/p>\n<p>COMMISSIONER RAPPORTEUR \u2013 MEMBER OF THE BOARD<\/p>\n<p>Greek Competition Authority<\/p>\n<p>&nbsp;<\/p>\n<p><strong>November 2010 \u2013 December 2013:<\/strong><\/p>\n<p>DIRECTOR<\/p>\n<p>Legal Service, Directorate General of Competition, Greek Competition Authority<\/p>\n<p>&nbsp;<\/p>\n<p><strong>September 2009 \u2013 November 2010:<\/strong><\/p>\n<p>HEAD OF UNIT<\/p>\n<p>Legal Service, Directorate General of Competition, Greek Competition Authority<\/p>\n<p>&nbsp;<\/p>\n<p><strong>October 2005 \u2013 September 2009:<\/strong><\/p>\n<p>LEGAL EXPERT<\/p>\n<p>Legal Service, Directorate General of Competition, Greek Competition Authority<\/p>\n<p>&nbsp;<\/p>\n<p><strong>January 2001 \u2013 September 2005:<\/strong><\/p>\n<p>LAWYER<\/p>\n<p>Bar of Volos<\/p>\n<p>&nbsp;<\/p>\n<p><strong>March 2000 \u2013 June 2000:<\/strong><\/p>\n<p>STAGIAIRE<\/p>\n<p>European Commission, Directorate General for Competition, Directorate A (Competition policy, co-ordination, international affairs and relations with other institutions), Unit A2 (Legislation and relations with Member States)<\/p>\n<p>&nbsp;<\/p>\n<p><strong>September 1999 \u2013 December 1999:<\/strong><\/p>\n<p>STAGIAIRE<\/p>\n<p>Athens Chamber of Commerce &amp; Industry, Bureau in Brussels<\/p>\n<p>&nbsp;<\/p>\n<p>ACADEMIC\/ TEACHING EXPERIENCE<br \/>\nAcademic Years 2020\/2021, 2019\/2020, 2018\/ 2019, 2017\/2018, 2016\/2017, 2015\/2016, 2013\/2014, 2012\/2013, 2011\/2012, 2009\/2010:<\/p>\n<p>GUEST LECTURER<\/p>\n<p>Universit\u00e9 Aix &#8211; Marseille, Aix-en-Provence (former IREA, Universit\u00e9 Paul C\u00e9zanne Aix &#8211; Marseille III)<\/p>\n<p>LL.M. Droit Europ\u00e9en des Affaires (European Business Law)<\/p>\n<p>EU Competition Law and Economics<\/p>\n<p>&nbsp;<\/p>\n<p>Academic Years 2020\/2021, 2019\/2020, 2018\/ 2019, 2017\/2018:<\/p>\n<p>GUEST LECTURER<\/p>\n<p>European Law &amp; Governance School \u2013 European Public Law Organisation<\/p>\n<p>LL.M in EU Law<\/p>\n<p>EU Competition Law<\/p>\n<p>&nbsp;<\/p>\n<p><strong>LEGISLATIVE COMMITTEES<\/strong><\/p>\n<p><strong>January 2020 \u2013 August 2020:<\/strong><\/p>\n<p>MEMBER<\/p>\n<p>Legislative Committee<\/p>\n<p>Transposition in Greek Law of the Directive 2019\/1 of the European Parliament and of the Council to empower the competition authorities of the Member States to be more effective enforcers and to ensure the proper functioning of the internal market &amp; Modernisation of the Greek Competition Act<\/p>\n<p>&nbsp;<\/p>\n<p><strong>June 2016 &#8211; September 2017:<\/strong><\/p>\n<p>MEMBER<\/p>\n<p>Legislative Committee<\/p>\n<p>Transposition in Greek Law of the Directive 2014\/104\/EU of the European Parliament and of the Council on certain rules governing actions for damages under national law for infringements of the competition law provisions of the Member States and of the European Union<\/p>\n<p>&nbsp;<\/p>\n<p><strong>December 2014 \u2013 June 2015:<\/strong><\/p>\n<p>ASSISTING EXPERT<\/p>\n<p>Legislative Committee<\/p>\n<p>Expert Proposal regarding the criteria for access to and exercise of the professional activities of engineers<\/p>\n<p>&nbsp;<\/p>\n<p><strong>January 2014 \u2013 June 2014:<\/strong><\/p>\n<p>MEMBER<\/p>\n<p>Technical and negotiation team of the Greek Presidency of the Council<\/p>\n<p>Adoption by the European Parliament and the Council of a Directive on certain rules governing actions for damages under national law for infringements of the competition law provisions of the Member States and of the European Union<\/p>\n<p>&nbsp;<\/p>\n<p><strong>February 2010 \u2013 July 2010:<\/strong><\/p>\n<p>SECRETARY<\/p>\n<p>Legislative Committee<\/p>\n<p>Revision of the Greek Competition Act<\/p>\n<p>&nbsp;<\/p>\n<p><strong>EDUCATION<\/strong><\/p>\n<p><strong>September 1998 \u2013 June 1999:<\/strong><\/p>\n<p>Universit\u00e9 Libre de Bruxelles, Institut d\u2019Etudes Europ\u00e9ennes<\/p>\n<ul>\n<li>D.E.S. (Dipl\u00f4me d\u2019\u00e9tudes sp\u00e9cialis\u00e9es)<\/li>\n<li>Droit Europ\u00e9en Communautaire \u2013 sp\u00e9cialisation: Droit des Affaires<\/li>\n<\/ul>\n<p>&nbsp;<\/p>\n<p><strong>September 1993 \u2013 June 1998:<\/strong><\/p>\n<p>National and Kapodistrian University of Athens, School of Law, Economics and Political Sciences, Faculty of Law<\/p>\n<ul>\n<li>Law Degree<\/li>\n<\/ul>\n<p>&nbsp;<\/p>\n<p><strong>CHAPTERS IN BOOKS<\/strong><\/p>\n<ul>\n<li>\u201cPrivate enforcement in Greece\u201d, in Private Enforcement in European Competition Law: After the Damages Directive, Andrea Biondi, Gabriella Muscolo &amp; Renato Nazzini (Eds), Kluwer Law International, to be published<\/li>\n<li>\u201cChapter 11: The Procedure in the Network\u201d, in Competition Law of the European Community, Deni Mantzari (Ed.), Matthew Bender, New York, 2018, \u00a7 11<\/li>\n<li>\u201cSpecial Alert &#8211; The Procedure in the Network\u201d, in Competition Law of the European Union, 2nd ed., Valentine Korah (Ed.), Matthew Bender &amp; Co., New York, 2016, \u00a7 SA11.01<\/li>\n<li>\u201cChapter 11: The Procedure in the Network\u201d, in Competition Law of the European Community, Valentine Korah (Ed.), Matthew Bender, New York, 2010, pages 11-1 \u2013 11-75 (co-author Dr. Assimakis Komninos)<\/li>\n<\/ul>\n<p>&nbsp;<\/p>\n<p><strong>ARTICLES<\/strong><\/p>\n<ul>\n<li>\u201cThe Memorandum of Understanding on specific economic and competition policy conditionality for granting financial assistance: Greek point of view\u201d, e-Competitions, N\u00b0 37517, 2011, (co-author Mr. Dimitrios Loukas)<\/li>\n<li>\u201cMedia market concentration &#8211; Questions relating to the interpretation and application of Article 3 of Law 3592\/2007\u201d (in Greek), Media Law, Issue 4, 2009)<\/li>\n<li>\u201cUnilateral practices by undertakings as vertical agreements under Article 81 TEC \u2013 Recent Developments\u201d (in Greek), Europoliteia, Issue 3, 2008)<\/li>\n<\/ul>\n<p>&nbsp;<\/p>\n<p><strong>PARTICIPATION IN COMPETITION CAPACITY &#8211; BUILDING PROGRAMMES<\/strong><\/p>\n<ul>\n<li>\u201cThe road to appropriate commitments and settlements\u201d, \u201cKey commitment and settlement decisions by the HCC\u201d, Seminar on remedies and commitments in competition cases, RCC OECD-GVH, Budapest, 22 \u2013 24 October 2019<\/li>\n<li>\u201cRecent Developments in the Application of Competition Law by the Hellenic Competition Commission\u201d, EU-funded project \u201cSupport to the Georgian Competition Agency\u201d, The Second International Competition Conference, The European Union for Georgia \u2013 Competition Agency of Georgia &#8211; Ivane Javakhishvili Tbilisi State University \u2013 B&amp;S Europe, Tbilisi, 28-29 September 2018<\/li>\n<li>\u201cOverview of the recent application of EU competition law by the Hellenic Competition Commission\u201d, Training action for legal practitioners, Consortium of: University of Insubria, Como, Italy; University of Warsaw, Poland; Jean Monnet Inter-University Centre of Excellence Opatija, Croatia; Ionian University of Corfu, Greece, University of Burgos, Spain, Como, 3 November 2017<\/li>\n<li>\u201cThe OECD Competition Assessment Projects in Greece &#8211; The HCC\u2019s Experience: challenges faced, lessons learned\u201d, Seminar on The OECD Competition Assessment Toolkit, RCC OECD-GVH, Sarajevo, 12 \u2013 14 September 2017<\/li>\n<li>\u201cDamages Directive 2014\/104\/EU \u2013Specific issues\u201d (in Greek), National Judges EU Competition Law Training Program, European Public Law Organization (EPLO), Athens, 21 \u2013 23 June 2017<\/li>\n<li>Intervention, National Judges Training Workshop on Public and private enforcement of EU competition law, Session 2: The introduction of the EU Directive \u00abDamages\u00bb into the domestic legal orders of Bulgaria, Cyprus and Greece \u2013 Conditions and requirements, European Public Law Organization (EPLO), Athens, 2 \u2013 3 April 2016<\/li>\n<li>\u201cDetecting Bid-Rigging in Public Procurement\u201d (in Greek), Workshop on Strengthening the SGC as a Central Purchasing Body, OECD, Athens, 22\u201324 September 2014<\/li>\n<li>\u201cThe Greek Tasty Foods Case\u201d &amp; \u201cThe Greek Fruits and Vegetables Sector Inquiry\u201d, Seminar on Competition Topics in Retail Markets, RCC OECD-GVH, Budapest, 16 \u2013 18 September 2014<\/li>\n<li>\u201cMerger Referrals under Regulation 139\/2004\u201d, Workshop on Competition Enforcement and International Cooperation, CADE, Brazilia, 20-22 May 2013<\/li>\n<li>\u201cOverview on abuse of dominance cases related to pricing: What is dominance &#8211; What is abuse\u201d, \u201cOverview of the policy and law of excessive pricing\u201d &amp; \u201cOverview of the policy and law of predatory pricing\u201d, Workshop on Price Related Abuse and Dominance, European Commission &#8211; TAIEX event, Sarajevo, 24-25 October 2011<\/li>\n<li>\u201cCompetition standards II \u2013 Case studies on Article 101 TFEU &#8211; T-Mobile\u201d, \u201cAbuse of Dominance II \u2013 Exclusionary practices \u2013 Rebates\u201d, \u201cAbuse of Dominance II \u2013 Exclusionary practices \u2013 case studies &#8211; Tomra &#8211; Intel\u201d, \u201cExploitative abuses &#8211; Theory &amp; Case studies\u201d &amp; \u201cOptimal Sanctions Theory, proportionality, remedies, the ECHR and competition law &#8211; Rights of defense\u201d, National Judges EU Competition Law Training Program, Athens University of Economics and Business and Institute of Studies in Competition Law and Policy (IMEDIPA), Rhodes, 4-6 July 2011<\/li>\n<li>\u201cEU Competition Policy and Financial Services\u201d, Workshop on Competition Law and Policy, European Commission and National Economic Development Board of Libyan Arab Jamahiriya &#8211; TAIEX event, Tripoli, 11 December 2010<\/li>\n<li>\u201cConducts of Abuse of Dominant Market Position and their Forms \u2013 Evaluating Abusive Practices\u201d, \u201cDetermination of monopoly agreements and exemptions\u201d &amp; \u201cLeniency System (non price-related abuses)\u201d, Workshop \u201cSAIC: EU-China Workshop on the Abuse of Dominant Market Position and Monopoly Agreements in China\u201d, EU-China Conference on the Anti-Monopoly Law, EU-China Trade Project, Dalian China, 11-13 May 2009<\/li>\n<li>\u201cThe application of competition law in Greece\u201d, Technical Assistance Program aimed at 20 high-ranking officials of Syrian Arab Republic, Planet SA and Greek Ministries of Economics, Economy and Commerce, Athens, 16 April 2008<\/li>\n<\/ul>\n<p>&nbsp;<\/p>\n<p><strong>SPEAKING ENGAGEMENTS<\/strong><\/p>\n<ul>\n<li>\u201cKey developments in the pharmaceutical sector\u201d, 4th Conference on Competition Law, Nomiki Vivliothiki, Athens, 9 October 2020<\/li>\n<li>\u201cPrivate label products: a competitive assessment\u201d (in Greek), HCC, Athens, 3 July 2020<\/li>\n<li>Discussant, \u201cInternet: Dominance, Antitrust and Regulation\u201d, EMEOD, Athens, 5 June 2019<\/li>\n<li>Opening remarks, EU Competition Law Summit, Ithaca, 23-24 August 2018<\/li>\n<li>\u201cHorizontal agreements, vertical restraints and abuse of dominance \u2013 Recent cases of the HCC\u201d (in Greek), 2nd Conference on Competition Law, Nomiki Vivliothiki, Athens, 16 March 2018 (co-presented with Ms. V. Mertikopoulou)<\/li>\n<li>\u201cDisclosure of evidence under the Damages Directive\u201d, 9th Conference on Competition Law and Policy, Institute of Studies in Competition Law and Policy (IMEDIPA), Athens, 15 \u2013 16 April 2016<\/li>\n<li>\u201cDisclosure of evidence under the Damages Directive\u201d (in Greek), Conference on Actions for Damages for Breaches of Competition Law, Greek Law Association for the Protection of Consumers (EDIPKA), Athens, 26 February 2015<\/li>\n<li>\u201cOverview of recent Greek Competition Authorities Decisions: Lessons to be learned and Challenges Ahead\u201d (in Greek), Conference on Importance of Competition Law During Economic Crisis, Cypriote Commission for the Protection of Competition, Nicosia, 31 October 2014<\/li>\n<li>\u201cState Imposed Obstacles to Competition &#8211; The HCC practice\u201d, 7th International Conference on Competition Law and Policy, Institute of Studies in Competition Law and Policy (IMEDIPA), Athens, 7-8 June 2013<\/li>\n<li>\u201cExclusionary abuses of dominant position \u2013 The cases of Rebates and Exclusivity\u201d (in Greek), Conference on Specific Cases of Abuse of Dominant Position, Institute of Studies in Competition Law and Policy (IMEDIPA), Athens, 20 February 2012<\/li>\n<li>\u201cEfficiency of detection tools in small market economies \u2013 The enforcement practice of the Greek Competition Authority regarding decisions by associations of undertakings\u201d (in Greek), 5th International Conference on Competition Law and Policy, Institute of Studies in Competition Law and Policy (IMEDIPA), Athens, 27-28 May 2011<\/li>\n<li>\u201cRebates under US anti-trust law\u201d (in Greek), Conference on Evaluating Rebates in competition law, Institute of Studies in Competition Law and Policy (IMEDIPA), Athens, 11 November 2009<\/li>\n<li>\u201cRecent developments in abuse of dominance case law\u201d, 3rd International Conference on Competition Law and Policy, Institute of Studies in Competition Law and Policy (IMEDIPA), Athens, 29-30 May 2009<\/li>\n<li>\u201cEuropean Competition Network: Functioning and Perspectives\u201d (in Greek), Conference on Questions relating to the interpretation and application of Regulation 1\/2003, Greek Association of European Law (EEED.FIDE), Athens, 5 March 2009<\/li>\n<li>\u201cCompetition Law and SMEs\u201d (in Greek), Conference on Youth Entrepreneurship, General Secretariat for Youth, Athens, 24 November 2008<\/li>\n<li>\u201cMedia market concentration &#8211; Questions relating to the interpretation and application of Article 3 of Law 3592\/2007\u201d (in Greek), Conference on The Application of Law 3592\/2007, Media Law, Bar of Athens and Faculty of Law, Athens, 6 June 2008<\/li>\n<li>\u201cProtection of Free Competition: Collusion \u2013 Theory and Practice\u201d (in Greek), Conference \u201cBusiness Executives Meeting V: Strategy, Competition &amp; Regulation\u201d, University of Piraeus, Athens, 11 December 2007<\/li>\n<\/ul>\n<p>&nbsp;<\/p>\n<p><strong>ACADEMIC LECTURES<\/strong><\/p>\n<ul>\n<li>\u201cThe application of article 1 Law 3959\/2011 and 101 TFEU by the HCC: The construction cartel case\u201d (in Greek), University of Piraeus, Athens, 23 November 2020<\/li>\n<li>\u201cEvaluating vertical agreements under competition law\u201d (in Greek), Democritus University of Thrace, Komotini, 11 February 2020<\/li>\n<li>\u201cThe application of article 1 Law 3959\/2011 and 101 TFEU by the HCC: The construction cartel case\u201d (in Greek), University of Piraeus, Athens, 18 November 2019<\/li>\n<li>\u201cThe application of article 1 Law 3959\/2011 and 101 TFEU by the HCC: The construction cartel case\u201d (in Greek), Democritus University of Thrace, Komotini, 31 January 2019<\/li>\n<li>\u201cThe application of articles 1 &amp;2 Law 3959\/2011 and 101 &amp; 102 TFEU: Two case studies from the practice of the HCC\u201d (in Greek), University of Piraeus, Athens, 19 November 2018<\/li>\n<li>\u201cSubstantive Assessment of Horizontal mergers\u201d (in Greek), Athens University of Economics and Business, 17 May 2018<\/li>\n<li>\u201cThe application of articles 1 &amp;2 Law 3959\/2011 and 101 &amp; 102 TFEU: Two case studies from the practice of the HCC\u201d (in Greek), Democritus University of Thrace, Komotini, 18 April 2018<\/li>\n<li>\u201cSubstantive Assessment of Horizontal mergers\u201d (in Greek), Athens University of Economics and Business, 18 May 2017<\/li>\n<li>\u201cAssessment of distribution agreements under competition law \u2013 Vertical restraints\u201d (in Greek), University of Piraeus, M.Sc. in Banking and Finance Law, Athens, 6 April 2017<\/li>\n<li>\u201cSubstantive Assessment of Horizontal mergers\u201d (in Greek), Athens University of Economics and Business, 19 May 2016<\/li>\n<li>\u201cSubstantive Assessment of Horizontal and Non-horizontal mergers \u2013 Examples from HCC\u2019s practice in the banking sector\u201d (in Greek), University of Piraeus, M.Sc. in Banking and Finance Law, Athens, 23 May 2016<\/li>\n<li>\u201cAssessment of distribution agreements under competition law \u2013 Vertical restraints\u201d (in Greek), University of Piraeus, M.Sc. in Banking and Finance Law, Athens, 24 March 2015<\/li>\n<li>\u201cSubstantive Assessment of Horizontal Mergers\u201d (in Greek), Athens University of Economics and Business, 8 May 2014<\/li>\n<li>\u201cMergers &amp; Acquisitions &#8211; Substantive Assessment\u201d (in Greek), Athens University of Economics and Business, 11 April 2013<\/li>\n<li>\u201cMergers &amp; Acquisitions &#8211; Substantive Assessment and Remedies\u201d, ALBA, Joint Workshop: Mergers-Acquisitions &amp; Antitrust, 22 March 2013<\/li>\n<li>\u201cHCC\u2019s Tasty Foods Decision\u201d (in Greek), University of Piraeus, LL.M. on Economic and Business Strategy, Course on Regulation and Antitrust, 3 December 2012<\/li>\n<li>\u201cThe economics and case-law on Vertical Relations\u201d (in Greek), University of Piraeus, LL.M. on Economic and Business Strategy, Course on Regulation and Antitrust, 14 December 2011<\/li>\n<li>\u201cGreek and EU Competition Law: Theory and Practice\u201d (in Greek), 8 hours Lecture, University of Piraeus, Department of Economics, Industrial Organisation \u2013 Theory and Practice II, 12 and 19 March 2009<\/li>\n<li>\u201cCollusion and Abuse of Dominance in vertical relations\u201d (in Greek), University of Piraeus, LL.M. on Economic and Business Strategy, Course on Regulation and Antitrust, 5 December 2008<\/li>\n<li>\u201cGreek and EU Competition Law: Theory and Practice\u201d (in Greek), 4 hours Lecture, University of Piraeus, Department of Economics, Industrial Organisation \u2013 Theory and Practice II, 27 March 2008<\/li>\n<\/ul>\n<p>&nbsp;<\/p>\n<p><strong>ADMISSIONS<\/strong><\/p>\n<ul>\n<li>Volos Bar (2000)<\/li>\n<\/ul>\n<p>&nbsp;<\/p>\n<p><strong>LANGUAGES<\/strong><\/p>\n<ul>\n<li>Greek<\/li>\n<li>English<\/li>\n<li>French<\/li>\n<li>German<\/li>\n<\/ul>\n<p>[\/vc_column_text][vc_empty_space height=&#8221;50&#8243;][\/vc_column][vc_column width=&#8221;1\/6&#8243;][\/vc_column][\/vc_row]<\/p>\n","protected":false},"excerpt":{"rendered":"<p>[vc_row css_animation=&#8221;&#8221; row_type=&#8221;row&#8221; use_row_as_full_screen_section=&#8221;no&#8221; type=&#8221;full_width&#8221; angled_section=&#8221;no&#8221; text_align=&#8221;left&#8221; background_image_as_pattern=&#8221;without_pattern&#8221;][vc_column width=&#8221;1\/6&#8243;][\/vc_column][vc_column width=&#8221;1\/6&#8243;][vc_single_image image=&#8221;15623&#8243; img_size=&#8221;large&#8221; onclick=&#8221;img_link_large&#8221; qode_css_animation=&#8221;&#8221; qode_hover_animation=&#8221;zoom_in&#8221;][\/vc_column][vc_column width=&#8221;1\/2&#8243;][vc_column_text]LEFKOTHEA NTEKA\u00a0 CV[\/vc_column_text][vc_separator type=&#8221;small&#8221; position=&#8221;left&#8221;&#8230;<\/p>\n","protected":false},"author":2,"featured_media":0,"parent":16164,"menu_order":0,"comment_status":"closed","ping_status":"closed","template":"full_width.php","meta":[],"_links":{"self":[{"href":"https:\/\/avgitidis.gr\/en\/wp-json\/wp\/v2\/pages\/16263"}],"collection":[{"href":"https:\/\/avgitidis.gr\/en\/wp-json\/wp\/v2\/pages"}],"about":[{"href":"https:\/\/avgitidis.gr\/en\/wp-json\/wp\/v2\/types\/page"}],"author":[{"embeddable":true,"href":"https:\/\/avgitidis.gr\/en\/wp-json\/wp\/v2\/users\/2"}],"replies":[{"embeddable":true,"href":"https:\/\/avgitidis.gr\/en\/wp-json\/wp\/v2\/comments?post=16263"}],"version-history":[{"count":5,"href":"https:\/\/avgitidis.gr\/en\/wp-json\/wp\/v2\/pages\/16263\/revisions"}],"predecessor-version":[{"id":16296,"href":"https:\/\/avgitidis.gr\/en\/wp-json\/wp\/v2\/pages\/16263\/revisions\/16296"}],"up":[{"embeddable":true,"href":"https:\/\/avgitidis.gr\/en\/wp-json\/wp\/v2\/pages\/16164"}],"wp:attachment":[{"href":"https:\/\/avgitidis.gr\/en\/wp-json\/wp\/v2\/media?parent=16263"}],"curies":[{"name":"wp","href":"https:\/\/api.w.org\/{rel}","templated":true}]}}